{"id":1994,"date":"2023-10-23T09:07:40","date_gmt":"2023-10-23T09:07:40","guid":{"rendered":"https:\/\/apptrader.com\/zostan-wspoltworca\/"},"modified":"2023-10-24T17:35:50","modified_gmt":"2023-10-24T17:35:50","slug":"zostan-wspoltworca","status":"publish","type":"page","link":"https:\/\/apptrader.com\/pl\/zostan-wspoltworca\/","title":{"rendered":"ZOSTA\u0143 WSP\u00d3\u0141TW\u00d3RC\u0104"},"content":{"rendered":"<?xml encoding=\"UTF-8\"><p>Chcesz do&#322;&#261;czy&#263; do spo&#322;eczno&#347;ci AppTrader? Szczerze doceniamy Tw&oacute;j entuzjazm i zainteresowanie. Obecnie jednak wstrzymujemy si&#281; z wprowadzaniem nowych wsp&oacute;&#322;pracownik&oacute;w.<\/p><p><span style=\"text-decoration: underline;\">AppTrader<\/span> jest synonimem intelektualnej sprawno&#347;ci w bran&#380;y. Nasi wsp&oacute;&#322;pracownicy pochodz&#261; z r&oacute;&#380;nych &#347;rodowisk, a ka&#380;dy z nich zapewnia platformie niezr&oacute;wnan&#261; wiedz&#281;. Obejmuj&#261;c zar&oacute;wno sfer&#281; B2C, jak i B2B, ich wk&#322;ad podkre&#347;la istot&#281; zaanga&#380;owania AppTrader w holistyczne perspektywy i autentyczne do&#347;wiadczenia edukacyjne.<\/p><p>Na razie furtka do zostania wsp&oacute;&#322;autorem jest chwilowo zamkni&#281;ta. Cho&#263; bardzo chcieliby&#347;my natychmiast otworzy&#263; drzwi, sama ilo&#347;&#263; nap&#322;ywaj&#261;cych zapyta&#324; wymaga naszej uwagi. Metodycznie sortujemy ka&#380;d&#261; potencjaln&#261; wsp&oacute;&#322;prac&#281;, zapewniaj&#261;c jako&#347;&#263; i zgodno&#347;&#263; z naszym etosem. Jeste&#347;my wdzi&#281;czni za cierpliwo&#347;&#263; w tym gor&#261;cym okresie.<\/p><p><strong>Ma&#322;e przypomnienie:<\/strong> Nawet po ponownym otwarciu bram, ostateczna decyzja o uczestnictwie i publikacji tre&#347;ci w AppTrader spoczywa wy&#322;&#261;cznie w naszych r&#281;kach. Ta skrupulatna dyskrecja zapewnia, &#380;e nasza platforma nadal si&#281; rozwija, utrzymuj&#261;c doskona&#322;&#261; reputacj&#281; w bran&#380;y.<\/p><p>Dzi&#281;kujemy za zrozumienie i zach&#281;camy do &#347;ledzenia tego miejsca w poszukiwaniu przysz&#322;ych aktualizacji. Twoja podr&oacute;&#380; z AppTrader mo&#380;e by&#263; tu&#380; za rogiem.<\/p>\n","protected":false},"excerpt":{"rendered":"<p>Chcesz do&#322;&#261;czy&#263; do spo&#322;eczno&#347;ci AppTrader? Szczerze doceniamy Tw&oacute;j entuzjazm i zainteresowanie. Obecnie jednak wstrzymujemy si&#281; z wprowadzaniem nowych wsp&oacute;&#322;pracownik&oacute;w. AppTrader jest synonimem intelektualnej sprawno&#347;ci w bran&#380;y. Nasi wsp&oacute;&#322;pracownicy pochodz&#261; z r&oacute;&#380;nych &#347;rodowisk, a ka&#380;dy z nich zapewnia platformie niezr&oacute;wnan&#261; wiedz&#281;. Obejmuj&#261;c zar&oacute;wno sfer&#281; B2C, jak i B2B, ich wk&#322;ad podkre&#347;la istot&#281; zaanga&#380;owania AppTrader w holistyczne &#8230; <a title=\"ZOSTA\u0143 WSP\u00d3\u0141TW\u00d3RC\u0104\" class=\"read-more\" href=\"https:\/\/apptrader.com\/pl\/zostan-wspoltworca\/\" aria-label=\"Dowiedz si\u0119 wi\u0119cej o ZOSTA\u0143 WSP\u00d3\u0141TW\u00d3RC\u0104\">Dowiedz si\u0119 wi\u0119cej<\/a><\/p>\n","protected":false},"author":6,"featured_media":0,"parent":0,"menu_order":0,"comment_status":"closed","ping_status":"closed","template":"","meta":{"footnotes":""},"class_list":["post-1994","page","type-page","status-publish"],"_links":{"self":[{"href":"https:\/\/apptrader.com\/pl\/wp-json\/wp\/v2\/pages\/1994","targetHints":{"allow":["GET"]}}],"collection":[{"href":"https:\/\/apptrader.com\/pl\/wp-json\/wp\/v2\/pages"}],"about":[{"href":"https:\/\/apptrader.com\/pl\/wp-json\/wp\/v2\/types\/page"}],"author":[{"embeddable":true,"href":"https:\/\/apptrader.com\/pl\/wp-json\/wp\/v2\/users\/6"}],"replies":[{"embeddable":true,"href":"https:\/\/apptrader.com\/pl\/wp-json\/wp\/v2\/comments?post=1994"}],"version-history":[{"count":0,"href":"https:\/\/apptrader.com\/pl\/wp-json\/wp\/v2\/pages\/1994\/revisions"}],"wp:attachment":[{"href":"https:\/\/apptrader.com\/pl\/wp-json\/wp\/v2\/media?parent=1994"}],"curies":[{"name":"wp","href":"https:\/\/api.w.org\/{rel}","templated":true}]}}