{"id":1977,"date":"2023-10-18T11:39:06","date_gmt":"2023-10-18T11:39:06","guid":{"rendered":"https:\/\/apptrader.com\/polityka-prywatnosci\/"},"modified":"2023-10-24T17:35:51","modified_gmt":"2023-10-24T17:35:51","slug":"polityka-prywatnosci","status":"publish","type":"page","link":"https:\/\/apptrader.com\/pl\/polityka-prywatnosci\/","title":{"rendered":"Polityka prywatno\u015bci"},"content":{"rendered":"<?xml encoding=\"UTF-8\"><h2 class=\"wp-block-heading\">Kim jeste&#347;my<\/h2><p>Adres naszej strony internetowej to: https:\/\/apptrader.com.<\/p><h2 class=\"wp-block-heading\">Komentarze<\/h2><p>Gdy odwiedzaj&#261;cy zostawiaj&#261; komentarze na stronie, gromadzimy dane wy&#347;wietlane w formularzu komentarzy, a tak&#380;e adres IP odwiedzaj&#261;cego i ci&#261;g agenta u&#380;ytkownika przegl&#261;darki, aby pom&oacute;c w wykrywaniu spamu.<\/p><p>Zanonimizowany ci&#261;g znak&oacute;w utworzony na podstawie adresu e-mail u&#380;ytkownika (zwany r&oacute;wnie&#380; skr&oacute;tem) mo&#380;e zosta&#263; dostarczony do us&#322;ugi Gravatar w celu sprawdzenia, czy u&#380;ytkownik z niej korzysta. Polityka prywatno&#347;ci us&#322;ugi Gravatar jest dost&#281;pna tutaj: https:\/\/automattic.com\/privacy\/. Po zatwierdzeniu komentarza Twoje zdj&#281;cie profilowe jest widoczne publicznie w kontek&#347;cie Twojego komentarza.<\/p><h2 class=\"wp-block-heading\">Media<\/h2><p>Je&#347;li przesy&#322;asz obrazy na stron&#281; internetow&#261;, powiniene&#347; unika&#263; przesy&#322;ania obraz&oacute;w z do&#322;&#261;czonymi danymi o lokalizacji (EXIF GPS). Odwiedzaj&#261;cy witryn&#281; mog&#261; pobiera&#263; i wyodr&#281;bnia&#263; dowolne dane o lokalizacji z obraz&oacute;w na stronie internetowej.<\/p><h2 class=\"wp-block-heading\">Pliki cookie<\/h2><p>Je&#347;li zostawisz komentarz na naszej stronie, mo&#380;esz wyrazi&#263; zgod&#281; na zapisywanie swojego imienia i nazwiska, adresu e-mail i strony internetowej w plikach cookie. S&#261; one dla Twojej wygody, aby&#347; nie musia&#322; ponownie wype&#322;nia&#263; swoich danych, gdy zostawiasz kolejny komentarz. Te pliki cookie b&#281;d&#261; przechowywane przez rok.<\/p><p>Je&#347;li odwiedzisz nasz&#261; stron&#281; logowania, ustawimy tymczasowy plik cookie, aby okre&#347;li&#263;, czy Twoja przegl&#261;darka akceptuje pliki cookie. Ten plik cookie nie zawiera &#380;adnych danych osobowych i jest usuwany po zamkni&#281;ciu przegl&#261;darki.<\/p><p>Gdy si&#281; zalogujesz, ustawimy r&oacute;wnie&#380; kilka plik&oacute;w cookie, aby zapisa&#263; Twoje dane logowania i wybory dotycz&#261;ce wy&#347;wietlania ekranu. Pliki cookie logowania s&#261; przechowywane przez dwa dni, a pliki cookie opcji ekranu przez rok. Je&#347;li wybierzesz opcj&#281; &bdquo;Zapami&#281;taj mnie&rdquo;, Tw&oacute;j login b&#281;dzie wa&#380;ny przez dwa tygodnie. Je&#347;li wylogujesz si&#281; ze swojego konta, pliki cookie logowania zostan&#261; usuni&#281;te.<\/p><p>Je&#347;li edytujesz lub publikujesz artyku&#322;, w Twojej przegl&#261;darce zostanie zapisany dodatkowy plik cookie. Ten plik cookie nie zawiera &#380;adnych danych osobowych i wskazuje jedynie identyfikator posta artyku&#322;u, kt&oacute;ry w&#322;a&#347;nie edytowa&#322;e&#347;. Wygasa po 1 dniu.<\/p><h2 class=\"wp-block-heading\">Osadzone tre&#347;ci z innych stron internetowych<\/h2><p>Artyku&#322;y na tej stronie mog&#261; zawiera&#263; osadzone tre&#347;ci (np. filmy, obrazy, artyku&#322;y itp.). Osadzone tre&#347;ci z innych witryn zachowuj&#261; si&#281; dok&#322;adnie w taki sam spos&oacute;b, jak gdyby odwiedzaj&#261;cy odwiedzi&#322; inn&#261; witryn&#281;.<\/p><p>Witryny te mog&#261; gromadzi&#263; dane o u&#380;ytkowniku, u&#380;ywa&#263; plik&oacute;w cookie, osadza&#263; dodatkowe &#347;ledzenie stron trzecich i monitorowa&#263; interakcj&#281; u&#380;ytkownika z osadzon&#261; tre&#347;ci&#261;, w tym &#347;ledzi&#263; interakcj&#281; u&#380;ytkownika z osadzon&#261; tre&#347;ci&#261;, je&#347;li u&#380;ytkownik ma konto i jest zalogowany w tej witrynie.<\/p><h2 class=\"wp-block-heading\">Komu udost&#281;pniamy Twoje dane<\/h2><p>Je&#347;li poprosisz o zresetowanie has&#322;a, Tw&oacute;j adres IP zostanie do&#322;&#261;czony do wiadomo&#347;ci e-mail dotycz&#261;cej resetowania.<\/p><h2 class=\"wp-block-heading\">Jak d&#322;ugo przechowujemy Twoje dane<\/h2><p>Je&#347;li zostawisz komentarz, komentarz i jego metadane zostan&#261; zachowane na czas nieokre&#347;lony. Dzi&#281;ki temu mo&#380;emy automatycznie rozpoznawa&#263; i zatwierdza&#263; wszelkie dalsze komentarze, zamiast trzyma&#263; je w kolejce do moderacji.<\/p><p>W przypadku u&#380;ytkownik&oacute;w, kt&oacute;rzy rejestruj&#261; si&#281; na naszej stronie internetowej (je&#347;li tacy s&#261;), przechowujemy r&oacute;wnie&#380; dane osobowe, kt&oacute;re podaj&#261; w swoim profilu u&#380;ytkownika. Wszyscy u&#380;ytkownicy mog&#261; wy&#347;wietla&#263;, edytowa&#263; lub usuwa&#263; swoje dane osobowe w dowolnym momencie (z wyj&#261;tkiem tego, &#380;e nie mog&#261; zmieni&#263; swojej nazwy u&#380;ytkownika). Administratorzy witryn internetowych mog&#261; r&oacute;wnie&#380; wy&#347;wietla&#263; i edytowa&#263; te informacje.<\/p><h2 class=\"wp-block-heading\">Jakie prawa przys&#322;uguj&#261; Ci w odniesieniu do Twoich danych<\/h2><p>Je&#347;li masz konto na tej stronie lub zostawi&#322;e&#347; komentarze, mo&#380;esz poprosi&#263; o wyeksportowany plik z danymi osobowymi, kt&oacute;re przechowujemy na Tw&oacute;j temat, w tym wszelkie dane, kt&oacute;re nam przekaza&#322;e&#347;. Mo&#380;esz r&oacute;wnie&#380; za&#380;&#261;da&#263; usuni&#281;cia wszelkich danych osobowych, kt&oacute;re przechowujemy na Tw&oacute;j temat. Nie obejmuje to &#380;adnych danych, kt&oacute;re jeste&#347;my zobowi&#261;zani przechowywa&#263; do cel&oacute;w administracyjnych, prawnych lub bezpiecze&#324;stwa.<\/p><h2 class=\"wp-block-heading\">Dok&#261;d wysy&#322;ane s&#261; Twoje dane<\/h2><p>Komentarze odwiedzaj&#261;cych mog&#261; by&#263; sprawdzane za pomoc&#261; automatycznej us&#322;ugi wykrywania spamu.<\/p>\n","protected":false},"excerpt":{"rendered":"<p>Kim jeste&#347;my Adres naszej strony internetowej to: https:\/\/apptrader.com. Komentarze Gdy odwiedzaj&#261;cy zostawiaj&#261; komentarze na stronie, gromadzimy dane wy&#347;wietlane w formularzu komentarzy, a tak&#380;e adres IP odwiedzaj&#261;cego i ci&#261;g agenta u&#380;ytkownika przegl&#261;darki, aby pom&oacute;c w wykrywaniu spamu. Zanonimizowany ci&#261;g znak&oacute;w utworzony na podstawie adresu e-mail u&#380;ytkownika (zwany r&oacute;wnie&#380; skr&oacute;tem) mo&#380;e zosta&#263; dostarczony do us&#322;ugi Gravatar w &#8230; <a title=\"Polityka prywatno\u015bci\" class=\"read-more\" href=\"https:\/\/apptrader.com\/pl\/polityka-prywatnosci\/\" aria-label=\"Dowiedz si\u0119 wi\u0119cej o Polityka prywatno\u015bci\">Dowiedz si\u0119 wi\u0119cej<\/a><\/p>\n","protected":false},"author":6,"featured_media":0,"parent":0,"menu_order":0,"comment_status":"closed","ping_status":"open","template":"","meta":{"footnotes":""},"class_list":["post-1977","page","type-page","status-publish"],"_links":{"self":[{"href":"https:\/\/apptrader.com\/pl\/wp-json\/wp\/v2\/pages\/1977","targetHints":{"allow":["GET"]}}],"collection":[{"href":"https:\/\/apptrader.com\/pl\/wp-json\/wp\/v2\/pages"}],"about":[{"href":"https:\/\/apptrader.com\/pl\/wp-json\/wp\/v2\/types\/page"}],"author":[{"embeddable":true,"href":"https:\/\/apptrader.com\/pl\/wp-json\/wp\/v2\/users\/6"}],"replies":[{"embeddable":true,"href":"https:\/\/apptrader.com\/pl\/wp-json\/wp\/v2\/comments?post=1977"}],"version-history":[{"count":0,"href":"https:\/\/apptrader.com\/pl\/wp-json\/wp\/v2\/pages\/1977\/revisions"}],"wp:attachment":[{"href":"https:\/\/apptrader.com\/pl\/wp-json\/wp\/v2\/media?parent=1977"}],"curies":[{"name":"wp","href":"https:\/\/api.w.org\/{rel}","templated":true}]}}