{"id":1952,"date":"2022-11-08T18:30:39","date_gmt":"2022-11-08T18:30:39","guid":{"rendered":"https:\/\/apptrader.com\/okolo\/"},"modified":"2024-09-25T07:04:42","modified_gmt":"2024-09-25T07:04:42","slug":"about","status":"publish","type":"page","link":"https:\/\/apptrader.com\/pl\/about\/","title":{"rendered":"Oko\u0142o"},"content":{"rendered":"<?xml encoding=\"UTF-8\"><p><strong><em>O nas &ndash; AppTrader: Gdzie innowacja spotyka si&#281; z ciekawo&#347;ci&#261;<\/em><\/strong><\/p><p><strong>Wprowadzenie<\/strong><\/p><p>Witamy w AppTrader &ndash; miejscu, w kt&oacute;rym iskra geniuszu spotyka si&#281; z nienasycon&#261; ciekawo&#347;ci&#261;. W szybko zmieniaj&#261;cym si&#281; krajobrazie technologicznym, AppTrader jest latarni&#261; morsk&#261; dla my&#347;l&#261;cych przysz&#322;o&#347;ciowo, innowator&oacute;w i tych, kt&oacute;rzy nieustannie poszukuj&#261; kolejnych granic w swoich bran&#380;ach. Ale kim jeste&#347;my i co sprawia, &#380;e wysuwamy si&#281; na pierwszy plan tego ekscytuj&#261;cego splotu? Zanurzmy si&#281; g&#322;&#281;biej w istot&#281; AppTrader.<\/p><p><strong>Nasza geneza<\/strong><\/p><p>AppTrader narodzi&#322; si&#281; z prostej &#347;wiadomo&#347;ci: &#347;wiat jest pe&#322;en genialnych pomys&#322;&oacute;w, ale te przeb&#322;yski geniuszu cz&#281;sto gasn&#261;, niezauwa&#380;one i niedocenione. Nasi za&#322;o&#380;yciele wyobrazili sobie przestrze&#324;, w kt&oacute;rej najbardziej obiecuj&#261;ce innowacje mog&#261; znale&#378;&#263; publiczno&#347;&#263;, kt&oacute;ra jest nie tylko otwarta, ale aktywnie stara si&#281; zaanga&#380;owa&#263; w te koncepcje, zrozumie&#263; je i rozwija&#263;. I tak narodzi&#322; si&#281; AppTrader &ndash; platforma, kt&oacute;ra sta&#322;a si&#281; czym&#347; wi&#281;cej ni&#380; tylko hubem, ale wci&#261;gaj&#261;cym do&#347;wiadczeniem.<\/p><p><strong>Nasza spo&#322;eczno&#347;&#263;<\/strong><\/p><p>Kluczem do naszego sukcesu jest nasza spo&#322;eczno&#347;&#263;. To dynamiczny gobelin utkany z ekspert&oacute;w, pionier&oacute;w bran&#380;y i ciekawskich umys&#322;&oacute;w z ca&#322;ego &#347;wiata. Spotykaj&#261; si&#281; oni w AppTrader nie tylko po to, by dzieli&#263; si&#281; swoimi spostrze&#380;eniami, ale tak&#380;e by uczestniczy&#263; w szerszej wymianie wiedzy. Ka&#380;dy wsp&oacute;&#322;tw&oacute;rca oferuje unikaln&#261; soczewk&#281;, przez kt&oacute;r&#261; patrzy na &#347;wiat, i to w&#322;a&#347;nie ta r&oacute;&#380;norodno&#347;&#263; perspektyw sprawia, &#380;e nasza platforma jest tak wzbogacaj&#261;ca.<\/p><p>Od potentat&oacute;w technologicznych, kt&oacute;rzy zmienili ca&#322;e bran&#380;e, po m&#322;odych przedsi&#281;biorc&oacute;w dopiero rozpoczynaj&#261;cych swoj&#261; podr&oacute;&#380;, AppTrader to tygiel &#347;rodowisk, do&#347;wiadcze&#324; i m&#261;dro&#347;ci. Ta konwergencja zapewnia, &#380;e nasi odbiorcy zawsze maj&#261; 360-stopniowy widok na dowolny temat, dzi&#281;ki czemu nauka jest holistyczna i wielowymiarowa.<\/p><p><strong>Nasza oferta<\/strong><\/p><p>AppTrader to nie tylko &#322;&#261;czenie innowator&oacute;w z publiczno&#347;ci&#261;. Naszym g&#322;&oacute;wnym celem jest wspieranie &#347;rodowiska, kt&oacute;re jest autentycznie edukacyjne. Oznacza to wyj&#347;cie poza powierzchni&#281;, zag&#322;&#281;bienie si&#281; w tematy i przedstawienie ich z jasno&#347;ci&#261;, trafno&#347;ci&#261; i g&#322;&#281;bi&#261;. Niezale&#380;nie od tego, czy jeste&#347; przedsi&#281;biorstwem B2C poszukuj&#261;cym najnowszych trend&oacute;w, czy podmiotem B2B poszukuj&#261;cym wgl&#261;du w niszowe obszary, nasze tre&#347;ci s&#261; dostosowane tak, aby o&#347;wieca&#263;, wzmacnia&#263; i inspirowa&#263;.<\/p><p>Nasza platforma jest r&oacute;wnie&#380; &#347;wiadectwem si&#322;y wsp&oacute;&#322;pracy. Wierzymy, &#380;e kiedy &#347;wiat&#322;e umys&#322;y si&#281; spotkaj&#261;, rezultat jest po prostu rewolucyjny. Ten duch wsp&oacute;&#322;pracy przenika ka&#380;dy aspekt AppTrader, od tre&#347;ci, kt&oacute;re tworzymy, po partnerstwa, kt&oacute;re nawi&#261;zujemy.<\/p><p><strong>Nasza wizja przysz&#322;o&#347;ci<\/strong><\/p><p>Gdy spogl&#261;damy na horyzont, nasza wizja dla AppTrader jest jasna: by&#263; globalnym epicentrum innowacji i ciekawo&#347;ci. Nie zadowala nas tylko bycie platform&#261;; Aspirujemy do bycia ruchem. Ruch, kt&oacute;ry opowiada si&#281; za si&#322;&#261; idei, kt&oacute;ry wierzy w potencja&#322; tego, co mo&#380;na osi&#261;gn&#261;&#263;, gdy ciekawo&#347;&#263; spotyka si&#281; z pomys&#322;owo&#347;ci&#261;, i kt&oacute;ry stara si&#281; stworzy&#263; efekt domina inspiracji ponad bran&#380;ami i granicami.<\/p><p>W nadchodz&#261;cych latach mo&#380;na oczekiwa&#263;, &#380;e AppTrader b&#281;dzie ewoluowa&#322;, dostosowywa&#322; si&#281; i rozwija&#322;. B&#281;dziemy poszerza&#263; nasze horyzonty, zag&#322;&#281;bia&#263; si&#281; w coraz to nowsze bran&#380;e i stale na nowo definiowa&#263; granice tego, co mo&#380;liwe. Ale przez ca&#322;y ten czas nasz podstawowy etos pozostanie niezmieniony &ndash; by&#263; przestrzeni&#261;, w kt&oacute;rej innowacje znajduj&#261; swoich prawdziwych odbiorc&oacute;w.<\/p><p><strong><a href=\"https:\/\/apptrader.com\/pl\/zostan-wspoltworca\/\" data-type=\"page\" data-id=\"1773\">Do&#322;&#261;cz do nas<\/a> w tej podr&oacute;&#380;y<\/strong><\/p><p>Do ka&#380;dego innowatora, marzyciela i ciekawskiego umys&#322;u, kt&oacute;ry to czyta: AppTrader jest twoim domem. Zapraszamy do przy&#322;&#261;czenia si&#281; do nas, aby by&#263; cz&#281;&#347;ci&#261; tej ekscytuj&#261;cej podr&oacute;&#380;y odkrywania i rozwoju. Niezale&#380;nie od tego, czy jeste&#347; tutaj, aby podzieli&#263; si&#281; swoimi spostrze&#380;eniami, uczy&#263; si&#281; od najlepszych, czy po prostu zaspokoi&#263; swoj&#261; ciekawo&#347;&#263;, wiedz, &#380;e jeste&#347; we w&#322;a&#347;ciwym miejscu.<\/p><p>Dzi&#281;kujemy za wybranie AppTrader, gdzie przysz&#322;o&#347;&#263; nie jest tylko przewidywana &ndash; jest tworzona.<\/p>\n","protected":false},"excerpt":{"rendered":"<p>O nas &ndash; AppTrader: Gdzie innowacja spotyka si&#281; z ciekawo&#347;ci&#261; Wprowadzenie Witamy w AppTrader &ndash; miejscu, w kt&oacute;rym iskra geniuszu spotyka si&#281; z nienasycon&#261; ciekawo&#347;ci&#261;. W szybko zmieniaj&#261;cym si&#281; krajobrazie technologicznym, AppTrader jest latarni&#261; morsk&#261; dla my&#347;l&#261;cych przysz&#322;o&#347;ciowo, innowator&oacute;w i tych, kt&oacute;rzy nieustannie poszukuj&#261; kolejnych granic w swoich bran&#380;ach. Ale kim jeste&#347;my i co sprawia, &#8230; <a title=\"Oko\u0142o\" class=\"read-more\" href=\"https:\/\/apptrader.com\/pl\/about\/\" aria-label=\"Dowiedz si\u0119 wi\u0119cej o Oko\u0142o\">Dowiedz si\u0119 wi\u0119cej<\/a><\/p>\n","protected":false},"author":6,"featured_media":0,"parent":0,"menu_order":0,"comment_status":"closed","ping_status":"closed","template":"","meta":{"footnotes":""},"class_list":["post-1952","page","type-page","status-publish"],"_links":{"self":[{"href":"https:\/\/apptrader.com\/pl\/wp-json\/wp\/v2\/pages\/1952","targetHints":{"allow":["GET"]}}],"collection":[{"href":"https:\/\/apptrader.com\/pl\/wp-json\/wp\/v2\/pages"}],"about":[{"href":"https:\/\/apptrader.com\/pl\/wp-json\/wp\/v2\/types\/page"}],"author":[{"embeddable":true,"href":"https:\/\/apptrader.com\/pl\/wp-json\/wp\/v2\/users\/6"}],"replies":[{"embeddable":true,"href":"https:\/\/apptrader.com\/pl\/wp-json\/wp\/v2\/comments?post=1952"}],"version-history":[{"count":0,"href":"https:\/\/apptrader.com\/pl\/wp-json\/wp\/v2\/pages\/1952\/revisions"}],"wp:attachment":[{"href":"https:\/\/apptrader.com\/pl\/wp-json\/wp\/v2\/media?parent=1952"}],"curies":[{"name":"wp","href":"https:\/\/api.w.org\/{rel}","templated":true}]}}